{"id":19,"date":"2017-04-26T20:49:08","date_gmt":"2017-04-26T20:49:08","guid":{"rendered":"http:\/\/www.anarodriguezandreu.com\/?page_id=19"},"modified":"2019-03-05T08:44:46","modified_gmt":"2019-03-05T07:44:46","slug":"acerca-de","status":"publish","type":"page","link":"https:\/\/www.anarodriguezandreu.com\/inicio\/acerca-de\/","title":{"rendered":"Sobre m\u00ed"},"content":{"rendered":"<p>&nbsp;<\/p>\n<p>&nbsp;<\/p>\n<p style=\"text-align: left;\">Me llamo<strong> An<\/strong><strong>a Rodr\u00edguez An<\/strong><strong>dreu<\/strong>, so<img loading=\"lazy\" class=\"size-thumbnail wp-image-108 alignleft\" src=\"http:\/\/www.anarodriguezandreu.com\/wp-content\/uploads\/2017\/04\/15724948_10202943810832329_2070084841240623884_o-150x150.jpg\" alt=\"\" width=\"150\" height=\"150\" srcset=\"https:\/\/www.anarodriguezandreu.com\/wp-content\/uploads\/2017\/04\/15724948_10202943810832329_2070084841240623884_o-150x150.jpg 150w, https:\/\/www.anarodriguezandreu.com\/wp-content\/uploads\/2017\/04\/15724948_10202943810832329_2070084841240623884_o-100x100.jpg 100w\" sizes=\"(max-width: 150px) 100vw, 150px\" \/>y <em>T\u00e9cnico Superior en Gesti\u00f3n de Alojamientos Tur\u00edsticos<\/em>, actualmente estudio el <em>Grado de Turismo en la UNED<\/em>.<\/p>\n<p>En el a\u00f1o 2010 obtuve una <strong>beca de Rotary International<\/strong> como <strong>representante de Espa\u00f1a<\/strong> en un viaje por los cinco pa\u00edses fundadores de la Uni\u00f3n Europea, acompa\u00f1ada por otros 26 compa\u00f1eros, cada uno de un pa\u00eds distinto de la Uni\u00f3n Europea.<\/p>\n<p>Desde que empec\u00e9 a trabajar a los 16 a\u00f1os siempre he estado trabajando en el sector de la<strong> hosteler\u00eda<\/strong>, y desde el a\u00f1o 2015 hasta actualmente soy <strong>gerente<\/strong> de un restaurante en Alfaz del Pi.<\/p>\n<p>Soy una persona <strong>activa, ambiciosa<\/strong>. Me gusta afrontar retos personales, investigar. Trato de ayudar a los m\u00e1s necesitados y luchar por nuestros derechos. <strong>Amante de los animales<\/strong>, con gran experiencia en el trato de cara al p\u00fablico. Me gusta mucho aprender idiomas y viajar.<\/p>\n","protected":false},"excerpt":{"rendered":"<p>&nbsp; &nbsp; Me llamo Ana Rodr\u00edguez Andreu, soy T\u00e9cnico Superior en Gesti\u00f3n de Alojamientos Tur\u00edsticos, actualmente estudio el Grado de Turismo en la UNED. En el a\u00f1o 2010 obtuve una beca de Rotary International como representante de Espa\u00f1a en un viaje por los cinco pa\u00edses fundadores de la Uni\u00f3n Europea, acompa\u00f1ada por otros 26 compa\u00f1eros, &hellip; <\/p>\n<p class=\"link-more\"><a href=\"https:\/\/www.anarodriguezandreu.com\/inicio\/acerca-de\/\" class=\"more-link\">Continuar leyendo<span class=\"screen-reader-text\"> \u00abSobre m\u00ed\u00bb<\/span><\/a><\/p>\n","protected":false},"author":1,"featured_media":164,"parent":0,"menu_order":0,"comment_status":"closed","ping_status":"closed","template":"","meta":[],"_links":{"self":[{"href":"https:\/\/www.anarodriguezandreu.com\/inicio\/wp-json\/wp\/v2\/pages\/19"}],"collection":[{"href":"https:\/\/www.anarodriguezandreu.com\/inicio\/wp-json\/wp\/v2\/pages"}],"about":[{"href":"https:\/\/www.anarodriguezandreu.com\/inicio\/wp-json\/wp\/v2\/types\/page"}],"author":[{"embeddable":true,"href":"https:\/\/www.anarodriguezandreu.com\/inicio\/wp-json\/wp\/v2\/users\/1"}],"replies":[{"embeddable":true,"href":"https:\/\/www.anarodriguezandreu.com\/inicio\/wp-json\/wp\/v2\/comments?post=19"}],"version-history":[{"count":12,"href":"https:\/\/www.anarodriguezandreu.com\/inicio\/wp-json\/wp\/v2\/pages\/19\/revisions"}],"predecessor-version":[{"id":166,"href":"https:\/\/www.anarodriguezandreu.com\/inicio\/wp-json\/wp\/v2\/pages\/19\/revisions\/166"}],"wp:featuredmedia":[{"embeddable":true,"href":"https:\/\/www.anarodriguezandreu.com\/inicio\/wp-json\/wp\/v2\/media\/164"}],"wp:attachment":[{"href":"https:\/\/www.anarodriguezandreu.com\/inicio\/wp-json\/wp\/v2\/media?parent=19"}],"curies":[{"name":"wp","href":"https:\/\/api.w.org\/{rel}","templated":true}]}}