{"id":18,"date":"2019-03-03T08:15:08","date_gmt":"2019-03-03T07:15:08","guid":{"rendered":"http:\/\/www.anarodriguezandreu.com\/?page_id=18"},"modified":"2019-03-05T08:44:08","modified_gmt":"2019-03-05T07:44:08","slug":"inicio","status":"publish","type":"page","link":"https:\/\/www.anarodriguezandreu.com\/inicio\/","title":{"rendered":"Inicio"},"content":{"rendered":"<p><img loading=\"lazy\" class=\"alignleft wp-image-68\" src=\"http:\/\/www.anarodriguezandreu.com\/wp-content\/uploads\/2017\/04\/EscudoUNED-300x300.jpg\" alt=\"\" width=\"241\" height=\"241\" srcset=\"https:\/\/www.anarodriguezandreu.com\/wp-content\/uploads\/2017\/04\/EscudoUNED-300x300.jpg 300w, https:\/\/www.anarodriguezandreu.com\/wp-content\/uploads\/2017\/04\/EscudoUNED-150x150.jpg 150w, https:\/\/www.anarodriguezandreu.com\/wp-content\/uploads\/2017\/04\/EscudoUNED-768x768.jpg 768w, https:\/\/www.anarodriguezandreu.com\/wp-content\/uploads\/2017\/04\/EscudoUNED-1024x1024.jpg 1024w, https:\/\/www.anarodriguezandreu.com\/wp-content\/uploads\/2017\/04\/EscudoUNED-100x100.jpg 100w, https:\/\/www.anarodriguezandreu.com\/wp-content\/uploads\/2017\/04\/EscudoUNED.jpg 1181w\" sizes=\"(max-width: 241px) 100vw, 241px\" \/>Bienvenido\/a a mi espacio UNED.<\/p>\n<p>Aqu\u00ed encontrar\u00e1s informaci\u00f3n sobre mi candidatura a Delegada de Estudiantes de la Facultad de Ciencias Econ\u00f3micas y Empresariales y servir\u00e1 como medio para contactar conmigo.<\/p>\n<p>&nbsp;<\/p>\n","protected":false},"excerpt":{"rendered":"<p>Bienvenido\/a a mi espacio UNED. Aqu\u00ed encontrar\u00e1s informaci\u00f3n sobre mi candidatura a Delegada de Estudiantes de la Facultad de Ciencias Econ\u00f3micas y Empresariales y servir\u00e1 como medio para contactar conmigo. &nbsp;<\/p>\n","protected":false},"author":1,"featured_media":52,"parent":0,"menu_order":0,"comment_status":"closed","ping_status":"closed","template":"","meta":[],"_links":{"self":[{"href":"https:\/\/www.anarodriguezandreu.com\/inicio\/wp-json\/wp\/v2\/pages\/18"}],"collection":[{"href":"https:\/\/www.anarodriguezandreu.com\/inicio\/wp-json\/wp\/v2\/pages"}],"about":[{"href":"https:\/\/www.anarodriguezandreu.com\/inicio\/wp-json\/wp\/v2\/types\/page"}],"author":[{"embeddable":true,"href":"https:\/\/www.anarodriguezandreu.com\/inicio\/wp-json\/wp\/v2\/users\/1"}],"replies":[{"embeddable":true,"href":"https:\/\/www.anarodriguezandreu.com\/inicio\/wp-json\/wp\/v2\/comments?post=18"}],"version-history":[{"count":6,"href":"https:\/\/www.anarodriguezandreu.com\/inicio\/wp-json\/wp\/v2\/pages\/18\/revisions"}],"predecessor-version":[{"id":163,"href":"https:\/\/www.anarodriguezandreu.com\/inicio\/wp-json\/wp\/v2\/pages\/18\/revisions\/163"}],"wp:featuredmedia":[{"embeddable":true,"href":"https:\/\/www.anarodriguezandreu.com\/inicio\/wp-json\/wp\/v2\/media\/52"}],"wp:attachment":[{"href":"https:\/\/www.anarodriguezandreu.com\/inicio\/wp-json\/wp\/v2\/media?parent=18"}],"curies":[{"name":"wp","href":"https:\/\/api.w.org\/{rel}","templated":true}]}}